{"id":8,"date":"2019-02-24T12:48:05","date_gmt":"2019-02-24T12:48:05","guid":{"rendered":"http:\/\/fahrschule-scholl.de\/?page_id=8"},"modified":"2019-03-25T21:03:25","modified_gmt":"2019-03-25T21:03:25","slug":"philosophie","status":"publish","type":"page","link":"https:\/\/www.fahrschule-scholl.de\/?page_id=8","title":{"rendered":"Philosophie"},"content":{"rendered":"\n<p>Freiheit, Unabh\u00e4ngigkeit, Flexibilit\u00e4t &#8211; der F\u00fchrerschein ist ein gro\u00dfer Schritt in die Selbstst\u00e4ndigkeit. <br>Wir verstehen uns als Wegbereiter, der dir das n\u00f6tige Know-how zur Selbstsicherheit und Spa\u00df beim Fahren beibringt. <br>Unser Service ist immer genau an deine Anspr\u00fcche angepasst: Egal, ob du als Anf\u00e4nger Anleitungen Schritt f\u00fcr Schritt brauchst oder als Profi gezielte Auffrischung.\u00a0\u00a0\u00a0 <br>Durch unsere langj\u00e4hrige Erfahrung achten wir darauf, dass keine \u00dcber- oder Unterforderung entstehen kann. Wir sind der \u00dcberzeugung, dass in der Praxis am besten gelingt, was in der Theorie ordentlich und interessant pr\u00e4sentiert wird. Deswegen finden unsere Theoriestunden in lockerer Atmosph\u00e4re statt und lassen keine deiner Fragen offen. <br>Wir bereiten dich optimal auf die Pr\u00fcfung vor und sind auch nach dem bestandenen F\u00fchrerschein mit Rat und Tat f\u00fcr dich da. Dabei ist unser Ziel immer, unsere Sch\u00fcler nicht nur zu guten Fahrern auszubilden, sondern auch die Freude am Fahren zu vermitteln.<br>Nach dem Motto: \u201eGelassenheit ist der Weg zur Gl\u00fcckseligkeit.\u201c <\/p>\n","protected":false},"excerpt":{"rendered":"<p>Freiheit, Unabh\u00e4ngigkeit, Flexibilit\u00e4t &#8211; der F\u00fchrerschein ist ein gro\u00dfer Schritt in die Selbstst\u00e4ndigkeit. Wir verstehen uns als Wegbereiter, der dir das n\u00f6tige Know-how zur Selbstsicherheit und Spa\u00df beim Fahren beibringt. Unser Service ist immer genau an deine Anspr\u00fcche angepasst: Egal, ob du als Anf\u00e4nger Anleitungen Schritt f\u00fcr Schritt brauchst oder als Profi gezielte Auffrischung.\u00a0\u00a0\u00a0 Durch [&hellip;]<\/p>\n","protected":false},"author":1,"featured_media":0,"parent":0,"menu_order":0,"comment_status":"closed","ping_status":"closed","template":"","meta":{"footnotes":""},"class_list":["post-8","page","type-page","status-publish","hentry"],"_links":{"self":[{"href":"https:\/\/www.fahrschule-scholl.de\/index.php?rest_route=\/wp\/v2\/pages\/8","targetHints":{"allow":["GET"]}}],"collection":[{"href":"https:\/\/www.fahrschule-scholl.de\/index.php?rest_route=\/wp\/v2\/pages"}],"about":[{"href":"https:\/\/www.fahrschule-scholl.de\/index.php?rest_route=\/wp\/v2\/types\/page"}],"author":[{"embeddable":true,"href":"https:\/\/www.fahrschule-scholl.de\/index.php?rest_route=\/wp\/v2\/users\/1"}],"replies":[{"embeddable":true,"href":"https:\/\/www.fahrschule-scholl.de\/index.php?rest_route=%2Fwp%2Fv2%2Fcomments&post=8"}],"version-history":[{"count":8,"href":"https:\/\/www.fahrschule-scholl.de\/index.php?rest_route=\/wp\/v2\/pages\/8\/revisions"}],"predecessor-version":[{"id":422,"href":"https:\/\/www.fahrschule-scholl.de\/index.php?rest_route=\/wp\/v2\/pages\/8\/revisions\/422"}],"wp:attachment":[{"href":"https:\/\/www.fahrschule-scholl.de\/index.php?rest_route=%2Fwp%2Fv2%2Fmedia&parent=8"}],"curies":[{"name":"wp","href":"https:\/\/api.w.org\/{rel}","templated":true}]}}