{"id":70,"date":"2019-03-16T07:21:22","date_gmt":"2019-03-16T07:21:22","guid":{"rendered":"http:\/\/fahrschule-scholl.de\/?page_id=70"},"modified":"2019-03-26T06:48:39","modified_gmt":"2019-03-26T06:48:39","slug":"praxisstunden","status":"publish","type":"page","link":"https:\/\/www.fahrschule-scholl.de\/?page_id=70","title":{"rendered":"F\u00fchrerschein mit 17 Jahren"},"content":{"rendered":"\n<p class=\"has-background has-very-light-gray-background-color\">Das begleitete Fahren mit 17 Jahren bietet viele Vorteile: Die Verkehrssicherheit wird gesteigert und die Unfallquote gesenkt. Bei uns kannst du schon mit 16 \u00bd Jahren in die Ausbildung der Klassen B und BE einsteigen und nach der Pr\u00fcfung ab 17 mit einer Begleitperson fahren. Die Inhalte sind identisch mit der normalen Ausbildung der Klasse B.<\/p>\n\n\n\n<p class=\"has-background has-very-light-gray-background-color\">Fahranf\u00e4nger  sind  \u00fcberdurchschnittlich h\u00e4ufig Hauptverursacher bei Unf\u00e4llen mit Personensch\u00e4den. Durch das begleitete Fahren mit 17 wird die   Verkehrssicherheit gesteigert und so die Unfallquote gesenkt. <\/p>\n\n\n\n<p class=\"has-background has-very-light-gray-background-color\">Im Alter von 16 \u00bd Jahren kann die Ausbildung der Klassen B und BE  begonnen werden. Die Ausbildungsinhalte sind identisch mit der Ausbildung der Fahrerlaubnis der Klasse B.<\/p>\n\n\n\n<p class=\"has-background has-very-light-gray-background-color\">Nach bestandener Pr\u00fcfung d\u00fcrfen die jungen Fahranf\u00e4nger ab 17 mit einer  Begleitperson Auto fahren. Die Pr\u00fcfungsbescheinigung gilt nur innerhalb  des gesamten Bundesgebietes. Im Ausland ist diese ung\u00fcltig (Ausnahme: \u00d6sterreich). Unmittelbar mit Erhalt der Pr\u00fcfungsbescheinigung beginnt die regul\u00e4re Probezeit von 2 Jahren.<br>Mindestens eine Begleitperson muss in der Pr\u00fcfungsbescheinigung eingetragen werden. Sinnvoll ist es, mehrere Begleitpersonen anzugeben, da so mehr Fahrpraxis erworben werden kann. Folgende Anforderungen werden an die Begleitpersonen gestellt:<br>&#8211; Mindestalter 30 Jahre<br>&#8211;  Mindestens 5 Jahre durchgehender Besitz der Fahrerlaubnis Klasse B<br>&#8211;  Maximal 1 Punkt im Verkehrszentralregister in Flensburg zum Zeitpunkt der Antragstellung<br>&#8211;  Weniger als 0,5 Promille Blutalkohol w\u00e4hrend der Fahrt<br><\/p>\n\n\n\n<p class=\"has-background has-very-light-gray-background-color\">Die Begleitperson darf dabei nicht aktiv in das Fahren eingreifen. Sie hat  den Status eines Beifahrers und soll beratend wirken. Die Sitzposition ist dabei nicht auf den Beifahrersitz beschr\u00e4nkt.<\/p>\n\n\n\n<p><br><\/p>\n","protected":false},"excerpt":{"rendered":"<p>Das begleitete Fahren mit 17 Jahren bietet viele Vorteile: H\u00f6here Verkehrssicherheit und niedrigere Unfallquote. Bei uns kannst du schon mit 16 \u00bd Jahren mir der Ausbildung beginnen (Klassen B und BE) und ab 17 mit einer Begleitperson fahren.<\/p>\n","protected":false},"author":1,"featured_media":0,"parent":0,"menu_order":0,"comment_status":"closed","ping_status":"closed","template":"","meta":{"footnotes":""},"class_list":["post-70","page","type-page","status-publish","hentry"],"_links":{"self":[{"href":"https:\/\/www.fahrschule-scholl.de\/index.php?rest_route=\/wp\/v2\/pages\/70","targetHints":{"allow":["GET"]}}],"collection":[{"href":"https:\/\/www.fahrschule-scholl.de\/index.php?rest_route=\/wp\/v2\/pages"}],"about":[{"href":"https:\/\/www.fahrschule-scholl.de\/index.php?rest_route=\/wp\/v2\/types\/page"}],"author":[{"embeddable":true,"href":"https:\/\/www.fahrschule-scholl.de\/index.php?rest_route=\/wp\/v2\/users\/1"}],"replies":[{"embeddable":true,"href":"https:\/\/www.fahrschule-scholl.de\/index.php?rest_route=%2Fwp%2Fv2%2Fcomments&post=70"}],"version-history":[{"count":15,"href":"https:\/\/www.fahrschule-scholl.de\/index.php?rest_route=\/wp\/v2\/pages\/70\/revisions"}],"predecessor-version":[{"id":461,"href":"https:\/\/www.fahrschule-scholl.de\/index.php?rest_route=\/wp\/v2\/pages\/70\/revisions\/461"}],"wp:attachment":[{"href":"https:\/\/www.fahrschule-scholl.de\/index.php?rest_route=%2Fwp%2Fv2%2Fmedia&parent=70"}],"curies":[{"name":"wp","href":"https:\/\/api.w.org\/{rel}","templated":true}]}}