{"id":226,"date":"2019-03-17T21:16:28","date_gmt":"2019-03-17T21:16:28","guid":{"rendered":"http:\/\/fahrschule-scholl.de\/?page_id=226"},"modified":"2019-03-26T07:04:13","modified_gmt":"2019-03-26T07:04:13","slug":"impressum","status":"publish","type":"page","link":"https:\/\/www.fahrschule-scholl.de\/?page_id=226","title":{"rendered":"Impressum"},"content":{"rendered":"\n<p class=\"has-background has-very-light-gray-background-color\">Verantwortlich f\u00fcr den Inhalt dieser Internetseiten:<br>Fahrschule Scholl<br>Stefanstra\u00dfe 11&nbsp;<br>52223 Stolberg Rhld.&nbsp;<br>Telefon: 02402-36505&nbsp;<br><br>Web: www.FahrschuleScholl.de<\/p>\n\n\n\n<p class=\"has-background has-very-light-gray-background-color\">Inhaber: Dietmar Scholl<\/p>\n\n\n\n<p class=\"has-background has-very-light-gray-background-color\">Steuernummer: 202\/5374\/0410<br>Finanzamt Aachen Au\u00dfenstadt<\/p>\n\n\n\n<p class=\"has-background has-very-light-gray-background-color\">Inhaltlich Verantwortlicher (gem\u00e4\u00df \u00a710 Absatz 3 MDStV) ist&nbsp;<br>Herr Dietmar Scholl.<\/p>\n\n\n\n<p class=\"has-background has-very-light-gray-background-color\">Trotz sorgf\u00e4ltiger und regelm\u00e4\u00dfiger Kontrolle \u00fcbernehmen wir keine Haftung f\u00fcr die Inhalte externer Links. F\u00fcr die Inhalte verlinkter Seiten sind ausschlie\u00dflich deren Betreiber verantwortlich.<\/p>\n\n\n\n<p class=\"has-background has-very-light-gray-background-color\">Um mit uns in Verbindung zu treten k\u00f6nnen Sie uns eine E-Mail schreiben:  info@fahrschule-scholl.de  <\/p>\n\n\n\n<p class=\"has-background has-very-light-gray-background-color\">Alle ver\u00f6ffentlichten Beitr\u00e4ge, Daten, Texte, Grafiken, Bilder, Buttons und Fotos auf unseren Webseiten sind urheberrechtlich gesch\u00fctzt. \u00dcbersetzung, Vervielf\u00e4ltigung, Nachdruck, sowie Speicherung in Datenverarbeitungsanlagen darf nur mit ausdr\u00fccklicher schriftlicher Genehmigung der Fahrschule Dietmar Scholl erfolgen.<\/p>\n","protected":false},"excerpt":{"rendered":"<p>Verantwortlich f\u00fcr den Inhalt dieser Internetseiten:Fahrschule SchollStefanstra\u00dfe 11&nbsp;52223 Stolberg Rhld.&nbsp;Telefon: 02402-36505&nbsp; Web: www.FahrschuleScholl.de Inhaber: Dietmar Scholl Steuernummer: 202\/5374\/0410Finanzamt Aachen Au\u00dfenstadt Inhaltlich Verantwortlicher (gem\u00e4\u00df \u00a710 Absatz 3 MDStV) ist&nbsp;Herr Dietmar Scholl. Trotz sorgf\u00e4ltiger und regelm\u00e4\u00dfiger Kontrolle \u00fcbernehmen wir keine Haftung f\u00fcr die Inhalte externer Links. F\u00fcr die Inhalte verlinkter Seiten sind ausschlie\u00dflich deren Betreiber verantwortlich. Um [&hellip;]<\/p>\n","protected":false},"author":1,"featured_media":0,"parent":0,"menu_order":0,"comment_status":"closed","ping_status":"closed","template":"","meta":{"footnotes":""},"class_list":["post-226","page","type-page","status-publish","hentry"],"_links":{"self":[{"href":"https:\/\/www.fahrschule-scholl.de\/index.php?rest_route=\/wp\/v2\/pages\/226","targetHints":{"allow":["GET"]}}],"collection":[{"href":"https:\/\/www.fahrschule-scholl.de\/index.php?rest_route=\/wp\/v2\/pages"}],"about":[{"href":"https:\/\/www.fahrschule-scholl.de\/index.php?rest_route=\/wp\/v2\/types\/page"}],"author":[{"embeddable":true,"href":"https:\/\/www.fahrschule-scholl.de\/index.php?rest_route=\/wp\/v2\/users\/1"}],"replies":[{"embeddable":true,"href":"https:\/\/www.fahrschule-scholl.de\/index.php?rest_route=%2Fwp%2Fv2%2Fcomments&post=226"}],"version-history":[{"count":3,"href":"https:\/\/www.fahrschule-scholl.de\/index.php?rest_route=\/wp\/v2\/pages\/226\/revisions"}],"predecessor-version":[{"id":470,"href":"https:\/\/www.fahrschule-scholl.de\/index.php?rest_route=\/wp\/v2\/pages\/226\/revisions\/470"}],"wp:attachment":[{"href":"https:\/\/www.fahrschule-scholl.de\/index.php?rest_route=%2Fwp%2Fv2%2Fmedia&parent=226"}],"curies":[{"name":"wp","href":"https:\/\/api.w.org\/{rel}","templated":true}]}}